{"id":169,"date":"2016-05-31T18:41:54","date_gmt":"2016-05-31T16:41:54","guid":{"rendered":"http:\/\/comites.org.il\/he\/comunita\/"},"modified":"2016-06-17T15:30:52","modified_gmt":"2016-06-17T13:30:52","slug":"comunita","status":"publish","type":"page","link":"https:\/\/comites.org.il\/he\/comunita\/","title":{"rendered":"Comunit\u00e0"},"content":{"rendered":"<p>[custodiv myid=&quot;&quot; myclass=&quot;comunita-content&quot;]<\/p>\n<p>[row]<\/p>\n<p>[span8]<\/p>\n<p><img loading=\"lazy\" decoding=\"async\" class=\"aligncenter wp-image-180 size-full\" src=\"https:\/\/comites.org.il\/wp-content\/uploads\/2016\/05\/comitato-image-page.png\" alt=\"comitato-image-page\" width=\"943\" height=\"639\" srcset=\"https:\/\/comites.org.il\/wp-content\/uploads\/2016\/05\/comitato-image-page.png 943w, https:\/\/comites.org.il\/wp-content\/uploads\/2016\/05\/comitato-image-page-300x203.png 300w, https:\/\/comites.org.il\/wp-content\/uploads\/2016\/05\/comitato-image-page-768x520.png 768w\" sizes=\"auto, (max-width: 943px) 100vw, 943px\" \/><\/p>\n<p>[\/span8]<\/p>\n<p>[span4]<\/p>\n<h2>Comunit\u00e0 d'Israele<\/h2>\n<p><em>&quot;La comunit\u00e0 italiana in Israele e\u2019 composta non solo una solida maggioranza di religione ebraica (fatto che non deve sorprendere considerato il carattere dello stato ospitante), bene integrata socialmente pur mantenendo la propria marcata identita\u2019 tricolore, ma anche da una significativa rappresentanza di studenti, ricercatori ed accademici, attratti da un paese tecnologicamente all\u2019avanguardia, molti clericali e devoti al cristianesimo con vocazione alla Terra Santa, volontari nei kibbutzim e nelle ONG ed altri ancora magari arrivati per seguire i propri affetti.<\/em><\/p>\n<p><em>Il seguente articolo del demografo Prof. Sergio Della Pergola, consigliere del Comites dal 2004, oggi al Comites della Circoscrizione di Gerusalemme, bene illustra la parte numericamente piu\u2019 significativa degli italiani in Israele.&quot;<\/em><\/p>\n<p>[\/span4]<\/p>\n<p>[\/row]<\/p>\n<p>[spacer]<\/p>\n<p>[row]<\/p>\n<p>[span12]<\/p>\n<p>Anche se non molto numerosa, la comunit\u00e0 ebraica italiana in Israele \u2013 gli Italk\u00edm \u2013 costituisce un ponte tra i due paesi, e tra l\u2019ebraismo italiano e Israele. Gli Italk\u00edm in senso stretto sono il nucleo della comunit\u00e0 che partecipa attivamente a mantenere viva la cultura italiana, e la cultura ebraica italiana in Israele in particolare. Ma la loro sfera di influenza culturale \u00e8 decisamente pi\u00f9 ampia.<\/p>\n<p>Le origini di una presenza italiana ebraica in Terra d\u2019Israele risalgono all\u2019espulsione dall\u2019impero spagnolo, che comprendeva anche le regioni meridionali della penisola. Circa il 10% di tutti gli ebrei di Safed nel 16\u00b0 secolo provenivano dal sud dell\u2019Italia.<\/p>\n<p>Gli Italiani in Israele per lo pi\u00f9 sono cresciuti grazie all\u2019immigrazione durante il 20\u00b0 secolo. L\u2019aliyah \u2013 la salita simbolica verso Israele \u2013 \u00e8 arrivata a ondate. Durante il periodo del Mandato britannico l\u2019immigrazione verso la Palestina ha subito molte limitazioni giuridiche ed economiche che sono state rimosse con l\u2019indipendenza dello Stato d\u2019Israele e la promulgazione della Legge del Ritorno. L\u2019immigrazione riflette fattori ideologici, culturali e sentimentali. Ma essa riflette molto anche gli sviluppi negativi nella situazione politica ed economica in Italia, e in parte quelli positivi in Palestina\/Israele. Molti Italk\u00edm sono arrivati dopo le leggi razziali del 1938, poi subito dopo la seconda guerra mondiale, e dopo la guerra dei Sei Giorni del 1967. In questi ultimi dieci anni l\u2019immigrazione \u00e8 nuovamente in costante aumento.<\/p>\n<p>Nel 2012 vi erano circa 15.000 cittadini italiani in Israele \u2013 tra cui diverse migliaia originarii da Libia, Turchia, Grecia, Egitto, Tunisia \u2013 oltre a circa 3.000 non-cittadini immigrati dall\u2019Italia e ad altri 7-12,000 membri delle rispettive famiglie, per una popolazione allargata totale di 25-30.000 persone. Inoltre, molte decine di migliaia di altri israeliani sono stati influenzati dalla cultura e dalla lingua italiana nei loro paesi di origine, e centinaia di migliaia di persone hanno visitato l\u2019Italia o sono grandi consumatori di cultura italiana.<\/p>\n<p>Gli Italiani in Israele sono tra i gruppi che hanno chiesto il minore aiuto da parte delle autorit\u00e0 pubbliche, e sono stati tra i pi\u00f9 utili agli altri nel risolvere i problemi di integrazione degli immigrati attraverso la solidariet\u00e0 interna e le risorse individuali dei membri della comunit\u00e0. Gli Italk\u00edm hanno svolto ruoli importanti in tutti i rami dell\u2019accademia, nelle professioni, nei servizi pubblici, nell\u2019industria, nell\u2019agricoltura, nel kibbutz, e nella ristorazione nelle principali citt\u00e0 di tutto il paese. Il centro principale \u00e8 rappresentato da Gerusalemme, anche se la maggior parte degli Italiani in Israele risiede nell\u2019area metropolitana di Tel Aviv. Forse il contributo pi\u00f9 significativo degli Italk\u00edm alla societ\u00e0 israeliana \u00e8 la sintesi efficace fra i valori spirituali ebraici e l\u2019umanismo italiano.<\/p>\n<p>Aliyah dall\u2018Italia, 1919-2012 (Fonte: Della Pergola, 2012)<\/p>\n<p>[\/span12]<\/p>\n<p>[\/row]<\/p>\n<p>[\/custodiv]<\/p>\n","protected":false},"excerpt":{"rendered":"<p>[custodiv myid=&quot;&quot; myclass=&quot;comunita-content&quot;] [row] [span8] [\/span8] [span4] Comunit\u00e0 d'Israele &quot;La comunit\u00e0 italiana in Israele e\u2019 composta non solo una solida maggioranza di religione ebraica (fatto che non deve sorprendere considerato il carattere dello stato ospitante), bene integrata socialmente pur mantenendo la propria marcata identita\u2019 tricolore, ma anche da una significativa rappresentanza di studenti, ricercatori ed [&hellip;]<\/p>\n","protected":false},"author":9,"featured_media":1040,"parent":0,"menu_order":5,"comment_status":"closed","ping_status":"closed","template":"","meta":{"footnotes":""},"class_list":["post-169","page","type-page","status-publish","has-post-thumbnail"],"yoast_head":"<!-- This site is optimized with the Yoast SEO plugin v27.3 - https:\/\/yoast.com\/product\/yoast-seo-wordpress\/ -->\n<title>Comunit\u00e0 - Com.It.Es Tel Aviv<\/title>\n<meta name=\"robots\" content=\"index, follow, max-snippet:-1, max-image-preview:large, max-video-preview:-1\" \/>\n<link rel=\"canonical\" href=\"https:\/\/comites.org.il\/he\/comunita\/\" \/>\n<meta property=\"og:locale\" content=\"he_IL\" \/>\n<meta property=\"og:type\" content=\"article\" \/>\n<meta property=\"og:title\" content=\"Comunit\u00e0 - Com.It.Es Tel Aviv\" \/>\n<meta property=\"og:description\" content=\"[custodiv myid=&quot;&quot; myclass=&quot;comunita-content&quot;] [row] [span8] [\/span8] [span4] Comunit\u00e0 d&#039;Israele &quot;La comunit\u00e0 italiana in Israele e\u2019 composta non solo una solida maggioranza di religione ebraica (fatto che non deve sorprendere considerato il carattere dello stato ospitante), bene integrata socialmente pur mantenendo la propria marcata identita\u2019 tricolore, ma anche da una significativa rappresentanza di studenti, ricercatori ed [&hellip;]\" \/>\n<meta property=\"og:url\" content=\"https:\/\/comites.org.il\/he\/comunita\/\" \/>\n<meta property=\"og:site_name\" content=\"Com.It.Es Tel Aviv\" \/>\n<meta property=\"article:publisher\" content=\"https:\/\/www.facebook.com\/comitestelaviv\" \/>\n<meta property=\"article:modified_time\" content=\"2016-06-17T13:30:52+00:00\" \/>\n<meta property=\"og:image\" content=\"https:\/\/comites.org.il\/wp-content\/uploads\/2022\/10\/Banner_Comunita.jpeg\" \/>\n\t<meta property=\"og:image:width\" content=\"1181\" \/>\n\t<meta property=\"og:image:height\" content=\"563\" \/>\n\t<meta property=\"og:image:type\" content=\"image\/jpeg\" \/>\n<meta name=\"twitter:card\" content=\"summary_large_image\" \/>\n<meta name=\"twitter:site\" content=\"@comitestelaviv\" \/>\n<meta name=\"twitter:label1\" content=\"\u05d6\u05de\u05df \u05e7\u05e8\u05d9\u05d0\u05d4 \u05de\u05d5\u05e2\u05e8\u05da\" \/>\n\t<meta name=\"twitter:data1\" content=\"3 \u05d3\u05e7\u05d5\u05ea\" \/>\n<script type=\"application\/ld+json\" class=\"yoast-schema-graph\">{\"@context\":\"https:\\\/\\\/schema.org\",\"@graph\":[{\"@type\":\"WebPage\",\"@id\":\"https:\\\/\\\/comites.org.il\\\/he\\\/comunita\\\/\",\"url\":\"https:\\\/\\\/comites.org.il\\\/he\\\/comunita\\\/\",\"name\":\"Comunit\u00e0 - Com.It.Es Tel Aviv\",\"isPartOf\":{\"@id\":\"https:\\\/\\\/comites.org.il\\\/#website\"},\"primaryImageOfPage\":{\"@id\":\"https:\\\/\\\/comites.org.il\\\/he\\\/comunita\\\/#primaryimage\"},\"image\":{\"@id\":\"https:\\\/\\\/comites.org.il\\\/he\\\/comunita\\\/#primaryimage\"},\"thumbnailUrl\":\"https:\\\/\\\/comites.org.il\\\/wp-content\\\/uploads\\\/2022\\\/10\\\/Banner_Comunita.jpeg\",\"datePublished\":\"2016-05-31T16:41:54+00:00\",\"dateModified\":\"2016-06-17T13:30:52+00:00\",\"breadcrumb\":{\"@id\":\"https:\\\/\\\/comites.org.il\\\/he\\\/comunita\\\/#breadcrumb\"},\"inLanguage\":\"he-IL\",\"potentialAction\":[{\"@type\":\"ReadAction\",\"target\":[\"https:\\\/\\\/comites.org.il\\\/he\\\/comunita\\\/\"]}]},{\"@type\":\"ImageObject\",\"inLanguage\":\"he-IL\",\"@id\":\"https:\\\/\\\/comites.org.il\\\/he\\\/comunita\\\/#primaryimage\",\"url\":\"https:\\\/\\\/comites.org.il\\\/wp-content\\\/uploads\\\/2022\\\/10\\\/Banner_Comunita.jpeg\",\"contentUrl\":\"https:\\\/\\\/comites.org.il\\\/wp-content\\\/uploads\\\/2022\\\/10\\\/Banner_Comunita.jpeg\",\"width\":1181,\"height\":563},{\"@type\":\"BreadcrumbList\",\"@id\":\"https:\\\/\\\/comites.org.il\\\/he\\\/comunita\\\/#breadcrumb\",\"itemListElement\":[{\"@type\":\"ListItem\",\"position\":1,\"name\":\"Home\",\"item\":\"https:\\\/\\\/comites.org.il\\\/\"},{\"@type\":\"ListItem\",\"position\":2,\"name\":\"Comunit\u00e0\"}]},{\"@type\":\"WebSite\",\"@id\":\"https:\\\/\\\/comites.org.il\\\/#website\",\"url\":\"https:\\\/\\\/comites.org.il\\\/\",\"name\":\"Com.It.Es Tel Aviv\",\"description\":\"Comitato Italiani Estero\",\"publisher\":{\"@id\":\"https:\\\/\\\/comites.org.il\\\/#organization\"},\"potentialAction\":[{\"@type\":\"SearchAction\",\"target\":{\"@type\":\"EntryPoint\",\"urlTemplate\":\"https:\\\/\\\/comites.org.il\\\/?s={search_term_string}\"},\"query-input\":{\"@type\":\"PropertyValueSpecification\",\"valueRequired\":true,\"valueName\":\"search_term_string\"}}],\"inLanguage\":\"he-IL\"},{\"@type\":\"Organization\",\"@id\":\"https:\\\/\\\/comites.org.il\\\/#organization\",\"name\":\"Com.It.Es Tel Aviv\",\"url\":\"https:\\\/\\\/comites.org.il\\\/\",\"logo\":{\"@type\":\"ImageObject\",\"inLanguage\":\"he-IL\",\"@id\":\"https:\\\/\\\/comites.org.il\\\/#\\\/schema\\\/logo\\\/image\\\/\",\"url\":\"https:\\\/\\\/comites.org.il\\\/wp-content\\\/uploads\\\/2018\\\/04\\\/comites.jpg\",\"contentUrl\":\"https:\\\/\\\/comites.org.il\\\/wp-content\\\/uploads\\\/2018\\\/04\\\/comites.jpg\",\"width\":1200,\"height\":1200,\"caption\":\"Com.It.Es Tel Aviv\"},\"image\":{\"@id\":\"https:\\\/\\\/comites.org.il\\\/#\\\/schema\\\/logo\\\/image\\\/\"},\"sameAs\":[\"https:\\\/\\\/www.facebook.com\\\/comitestelaviv\",\"https:\\\/\\\/x.com\\\/comitestelaviv\"]}]}<\/script>\n<!-- \/ Yoast SEO plugin. -->","yoast_head_json":{"title":"Comunit\u00e0 - Com.It.Es Tel Aviv","robots":{"index":"index","follow":"follow","max-snippet":"max-snippet:-1","max-image-preview":"max-image-preview:large","max-video-preview":"max-video-preview:-1"},"canonical":"https:\/\/comites.org.il\/he\/comunita\/","og_locale":"he_IL","og_type":"article","og_title":"Comunit\u00e0 - Com.It.Es Tel Aviv","og_description":"[custodiv myid=&quot;&quot; myclass=&quot;comunita-content&quot;] [row] [span8] [\/span8] [span4] Comunit\u00e0 d'Israele &quot;La comunit\u00e0 italiana in Israele e\u2019 composta non solo una solida maggioranza di religione ebraica (fatto che non deve sorprendere considerato il carattere dello stato ospitante), bene integrata socialmente pur mantenendo la propria marcata identita\u2019 tricolore, ma anche da una significativa rappresentanza di studenti, ricercatori ed [&hellip;]","og_url":"https:\/\/comites.org.il\/he\/comunita\/","og_site_name":"Com.It.Es Tel Aviv","article_publisher":"https:\/\/www.facebook.com\/comitestelaviv","article_modified_time":"2016-06-17T13:30:52+00:00","og_image":[{"width":1181,"height":563,"url":"https:\/\/comites.org.il\/wp-content\/uploads\/2022\/10\/Banner_Comunita.jpeg","type":"image\/jpeg"}],"twitter_card":"summary_large_image","twitter_site":"@comitestelaviv","twitter_misc":{"\u05d6\u05de\u05df \u05e7\u05e8\u05d9\u05d0\u05d4 \u05de\u05d5\u05e2\u05e8\u05da":"3 \u05d3\u05e7\u05d5\u05ea"},"schema":{"@context":"https:\/\/schema.org","@graph":[{"@type":"WebPage","@id":"https:\/\/comites.org.il\/he\/comunita\/","url":"https:\/\/comites.org.il\/he\/comunita\/","name":"Comunit\u00e0 - Com.It.Es Tel Aviv","isPartOf":{"@id":"https:\/\/comites.org.il\/#website"},"primaryImageOfPage":{"@id":"https:\/\/comites.org.il\/he\/comunita\/#primaryimage"},"image":{"@id":"https:\/\/comites.org.il\/he\/comunita\/#primaryimage"},"thumbnailUrl":"https:\/\/comites.org.il\/wp-content\/uploads\/2022\/10\/Banner_Comunita.jpeg","datePublished":"2016-05-31T16:41:54+00:00","dateModified":"2016-06-17T13:30:52+00:00","breadcrumb":{"@id":"https:\/\/comites.org.il\/he\/comunita\/#breadcrumb"},"inLanguage":"he-IL","potentialAction":[{"@type":"ReadAction","target":["https:\/\/comites.org.il\/he\/comunita\/"]}]},{"@type":"ImageObject","inLanguage":"he-IL","@id":"https:\/\/comites.org.il\/he\/comunita\/#primaryimage","url":"https:\/\/comites.org.il\/wp-content\/uploads\/2022\/10\/Banner_Comunita.jpeg","contentUrl":"https:\/\/comites.org.il\/wp-content\/uploads\/2022\/10\/Banner_Comunita.jpeg","width":1181,"height":563},{"@type":"BreadcrumbList","@id":"https:\/\/comites.org.il\/he\/comunita\/#breadcrumb","itemListElement":[{"@type":"ListItem","position":1,"name":"Home","item":"https:\/\/comites.org.il\/"},{"@type":"ListItem","position":2,"name":"Comunit\u00e0"}]},{"@type":"WebSite","@id":"https:\/\/comites.org.il\/#website","url":"https:\/\/comites.org.il\/","name":"Com.It.Es Tel Aviv","description":"Comitato Italiani Estero","publisher":{"@id":"https:\/\/comites.org.il\/#organization"},"potentialAction":[{"@type":"SearchAction","target":{"@type":"EntryPoint","urlTemplate":"https:\/\/comites.org.il\/?s={search_term_string}"},"query-input":{"@type":"PropertyValueSpecification","valueRequired":true,"valueName":"search_term_string"}}],"inLanguage":"he-IL"},{"@type":"Organization","@id":"https:\/\/comites.org.il\/#organization","name":"Com.It.Es Tel Aviv","url":"https:\/\/comites.org.il\/","logo":{"@type":"ImageObject","inLanguage":"he-IL","@id":"https:\/\/comites.org.il\/#\/schema\/logo\/image\/","url":"https:\/\/comites.org.il\/wp-content\/uploads\/2018\/04\/comites.jpg","contentUrl":"https:\/\/comites.org.il\/wp-content\/uploads\/2018\/04\/comites.jpg","width":1200,"height":1200,"caption":"Com.It.Es Tel Aviv"},"image":{"@id":"https:\/\/comites.org.il\/#\/schema\/logo\/image\/"},"sameAs":["https:\/\/www.facebook.com\/comitestelaviv","https:\/\/x.com\/comitestelaviv"]}]}},"_links":{"self":[{"href":"https:\/\/comites.org.il\/he\/wp-json\/wp\/v2\/pages\/169","targetHints":{"allow":["GET"]}}],"collection":[{"href":"https:\/\/comites.org.il\/he\/wp-json\/wp\/v2\/pages"}],"about":[{"href":"https:\/\/comites.org.il\/he\/wp-json\/wp\/v2\/types\/page"}],"author":[{"embeddable":true,"href":"https:\/\/comites.org.il\/he\/wp-json\/wp\/v2\/users\/9"}],"replies":[{"embeddable":true,"href":"https:\/\/comites.org.il\/he\/wp-json\/wp\/v2\/comments?post=169"}],"version-history":[{"count":1,"href":"https:\/\/comites.org.il\/he\/wp-json\/wp\/v2\/pages\/169\/revisions"}],"predecessor-version":[{"id":1251,"href":"https:\/\/comites.org.il\/he\/wp-json\/wp\/v2\/pages\/169\/revisions\/1251"}],"wp:featuredmedia":[{"embeddable":true,"href":"https:\/\/comites.org.il\/he\/wp-json\/wp\/v2\/media\/1040"}],"wp:attachment":[{"href":"https:\/\/comites.org.il\/he\/wp-json\/wp\/v2\/media?parent=169"}],"curies":[{"name":"wp","href":"https:\/\/api.w.org\/{rel}","templated":true}]}}